{"id":5960,"date":"2021-12-30T09:07:49","date_gmt":"2021-12-30T09:07:49","guid":{"rendered":"http:\/\/www.eventuum.net\/?page_id=5960"},"modified":"2021-12-30T09:07:49","modified_gmt":"2021-12-30T09:07:49","slug":"insaatvekonut","status":"publish","type":"page","link":"http:\/\/www.eventuum.net\/index.php\/insaatvekonut\/","title":{"rendered":"\u0130n\u015faat ve Konut Konferans\u0131"},"content":{"rendered":"[vc_row full_width=&#8221;stretch_row&#8221; equal_height=&#8221;yes&#8221; css=&#8221;.vc_custom_1482499413063{border-bottom-width: 1px !important;border-bottom-color: #d7d9d9 !important;}&#8221;][vc_column width=&#8221;1\/2&#8243; css=&#8221;.vc_custom_1489738898615{padding-top: 0px !important;}&#8221;][vc_empty_space height=&#8221;150&#8243; el_class=&#8221;arg-spacer&#8221;][vc_row_inner css=&#8221;.vc_custom_1489738892675{border-right-width: 1px !important;padding-top: 0px !important;padding-right: 8% !important;padding-left: 8% !important;border-right-color: #e9e9f2 !important;border-right-style: solid !important;}&#8221; el_class=&#8221;border-reset-xs&#8221;][vc_column_inner css=&#8221;.vc_custom_1640854779557{padding-top: 50px !important;}&#8221;][vc_single_image image=&#8221;5967&#8243; img_size=&#8221;500&#215;362&#8243; alignment=&#8221;center&#8221; style=&#8221;vc_box_shadow_3d&#8221;][\/vc_column_inner][\/vc_row_inner][vc_empty_space height=&#8221;60px&#8221; el_class=&#8221;arg-spacer&#8221;][\/vc_column][vc_column width=&#8221;1\/2&#8243; css=&#8221;.vc_custom_1489738741099{padding-top: 0px !important;}&#8221;][vc_empty_space height=&#8221;150&#8243; el_class=&#8221;vc_hidden-xs&#8221;][vc_row_inner css=&#8221;.vc_custom_1489738748042{border-right-width: 1px !important;padding-right: 8% !important;padding-left: 8% !important;border-right-color: #e9e9f2 !important;border-right-style: solid !important;}&#8221; el_class=&#8221;border-reset-xs&#8221;][vc_column_inner css=&#8221;.vc_custom_1482696611829{padding-top: 0px !important;}&#8221;][vc_single_image image=&#8221;5968&#8243; img_size=&#8221;350&#215;495&#8243; alignment=&#8221;center&#8221; style=&#8221;vc_box_shadow_3d&#8221;][\/vc_column_inner][\/vc_row_inner][vc_empty_space height=&#8221;60px&#8221; el_class=&#8221;arg-spacer&#8221;][\/vc_column][\/vc_row][vc_row full_width=&#8221;stretch_row&#8221; equal_height=&#8221;yes&#8221; css=&#8221;.vc_custom_1482499413063{border-bottom-width: 1px !important;border-bottom-color: #d7d9d9 !important;}&#8221;][vc_column width=&#8221;1\/2&#8243; css=&#8221;.vc_custom_1489738898615{padding-top: 0px !important;}&#8221;][vc_empty_space height=&#8221;50&#8243; el_class=&#8221;arg-spacer&#8221;][vc_row_inner css=&#8221;.vc_custom_1489738892675{border-right-width: 1px !important;padding-top: 0px !important;padding-right: 8% !important;padding-left: 8% !important;border-right-color: #e9e9f2 !important;border-right-style: solid !important;}&#8221; el_class=&#8221;border-reset-xs&#8221;][vc_column_inner css=&#8221;.vc_custom_1640854873207{padding-top: 70px !important;}&#8221;][vc_single_image image=&#8221;5965&#8243; img_size=&#8221;500&#215;312&#8243; alignment=&#8221;center&#8221; style=&#8221;vc_box_shadow_3d&#8221;][\/vc_column_inner][\/vc_row_inner][vc_empty_space height=&#8221;60px&#8221; el_class=&#8221;arg-spacer&#8221;][\/vc_column][vc_column width=&#8221;1\/2&#8243; css=&#8221;.vc_custom_1489738741099{padding-top: 0px !important;}&#8221;][vc_empty_space height=&#8221;50&#8243; el_class=&#8221;vc_hidden-xs&#8221;][vc_row_inner css=&#8221;.vc_custom_1489738748042{border-right-width: 1px !important;padding-right: 8% !important;padding-left: 8% !important;border-right-color: #e9e9f2 !important;border-right-style: solid !important;}&#8221; el_class=&#8221;border-reset-xs&#8221;][vc_column_inner css=&#8221;.vc_custom_1482696611829{padding-top: 0px !important;}&#8221;][vc_single_image image=&#8221;5966&#8243; img_size=&#8221;350&#215;499&#8243; alignment=&#8221;center&#8221; style=&#8221;vc_box_shadow_3d&#8221;][\/vc_column_inner][\/vc_row_inner][vc_empty_space height=&#8221;60px&#8221; el_class=&#8221;arg-spacer&#8221;][\/vc_column][\/vc_row][vc_row full_width=&#8221;stretch_row&#8221; equal_height=&#8221;yes&#8221; css=&#8221;.vc_custom_1482499413063{border-bottom-width: 1px !important;border-bottom-color: #d7d9d9 !important;}&#8221;][vc_column width=&#8221;1\/2&#8243; css=&#8221;.vc_custom_1489738898615{padding-top: 0px !important;}&#8221;][vc_empty_space height=&#8221;50&#8243; el_class=&#8221;arg-spacer&#8221;][vc_row_inner css=&#8221;.vc_custom_1489738892675{border-right-width: 1px !important;padding-top: 0px !important;padding-right: 8% !important;padding-left: 8% !important;border-right-color: #e9e9f2 !important;border-right-style: solid !important;}&#8221; el_class=&#8221;border-reset-xs&#8221;][vc_column_inner css=&#8221;.vc_custom_1482696611829{padding-top: 0px !important;}&#8221;][vc_single_image image=&#8221;5963&#8243; img_size=&#8221;500&#215;246&#8243; alignment=&#8221;center&#8221; style=&#8221;vc_box_shadow_3d&#8221;][\/vc_column_inner][\/vc_row_inner][vc_empty_space height=&#8221;60px&#8221; el_class=&#8221;arg-spacer&#8221;][\/vc_column][vc_column width=&#8221;1\/2&#8243; css=&#8221;.vc_custom_1489738741099{padding-top: 0px !important;}&#8221;][vc_empty_space height=&#8221;50&#8243; el_class=&#8221;vc_hidden-xs&#8221;][vc_row_inner css=&#8221;.vc_custom_1489738748042{border-right-width: 1px !important;padding-right: 8% !important;padding-left: 8% !important;border-right-color: #e9e9f2 !important;border-right-style: solid !important;}&#8221; el_class=&#8221;border-reset-xs&#8221;][vc_column_inner css=&#8221;.vc_custom_1482696611829{padding-top: 0px !important;}&#8221;][vc_single_image image=&#8221;5964&#8243; img_size=&#8221;500&#215;246&#8243; alignment=&#8221;center&#8221; style=&#8221;vc_box_shadow_3d&#8221;][\/vc_column_inner][\/vc_row_inner][vc_empty_space height=&#8221;60px&#8221; el_class=&#8221;arg-spacer&#8221;][\/vc_column][\/vc_row][vc_row full_width=&#8221;stretch_row&#8221; equal_height=&#8221;yes&#8221; css=&#8221;.vc_custom_1482499413063{border-bottom-width: 1px !important;border-bottom-color: #d7d9d9 !important;}&#8221;][vc_column width=&#8221;1\/2&#8243; css=&#8221;.vc_custom_1489738898615{padding-top: 0px !important;}&#8221;][vc_empty_space height=&#8221;100&#8243; el_class=&#8221;arg-spacer&#8221;][vc_row_inner css=&#8221;.vc_custom_1489738892675{border-right-width: 1px !important;padding-top: 0px !important;padding-right: 8% !important;padding-left: 8% !important;border-right-color: #e9e9f2 !important;border-right-style: solid !important;}&#8221; el_class=&#8221;border-reset-xs&#8221;][vc_column_inner][vc_single_image image=&#8221;5961&#8243; img_size=&#8221;350&#215;477&#8243; alignment=&#8221;center&#8221; style=&#8221;vc_box_shadow_3d&#8221;][\/vc_column_inner][\/vc_row_inner][vc_empty_space height=&#8221;60px&#8221; el_class=&#8221;arg-spacer&#8221;][\/vc_column][vc_column width=&#8221;1\/2&#8243; css=&#8221;.vc_custom_1489738741099{padding-top: 0px !important;}&#8221;][vc_empty_space height=&#8221;100&#8243; el_class=&#8221;vc_hidden-xs&#8221;][vc_row_inner css=&#8221;.vc_custom_1489738748042{border-right-width: 1px !important;padding-right: 8% !important;padding-left: 8% !important;border-right-color: #e9e9f2 !important;border-right-style: solid !important;}&#8221; el_class=&#8221;border-reset-xs&#8221;][vc_column_inner css=&#8221;.vc_custom_1640855221993{padding-top: 120px !important;}&#8221;][vc_single_image image=&#8221;5962&#8243; img_size=&#8221;500&#215;246&#8243; alignment=&#8221;center&#8221; style=&#8221;vc_box_shadow_3d&#8221;][\/vc_column_inner][\/vc_row_inner][vc_empty_space height=&#8221;60px&#8221; el_class=&#8221;arg-spacer&#8221;][\/vc_column][\/vc_row]\n","protected":false},"excerpt":{"rendered":"<p>[vc_row full_width=&#8221;stretch_row&#8221; equal_height=&#8221;yes&#8221; css=&#8221;.vc_custom_1482499413063{border-bottom-width: 1px !important;border-bottom-color: #d7d9d9 !important;}&#8221;][vc_column width=&#8221;1\/2&#8243; css=&#8221;.vc_custom_1489738898615{padding-top: 0px !important;}&#8221;][vc_empty_space height=&#8221;150&#8243; el_class=&#8221;arg-spacer&#8221;][vc_row_inner css=&#8221;.vc_custom_1489738892675{border-right-width: 1px !important;padding-top: 0px !important;padding-right: 8% !important;padding-left: 8% !important;border-right-color: #e9e9f2 !important;border-right-style: solid !important;}&#8221; el_class=&#8221;border-reset-xs&#8221;][vc_column_inner css=&#8221;.vc_custom_1640854779557{padding-top: 50px !important;}&#8221;][vc_single_image image=&#8221;5967&#8243; img_size=&#8221;500&#215;362&#8243; alignment=&#8221;center&#8221; style=&#8221;vc_box_shadow_3d&#8221;][\/vc_column_inner][\/vc_row_inner][vc_empty_space height=&#8221;60px&#8221; el_class=&#8221;arg-spacer&#8221;][\/vc_column][vc_column width=&#8221;1\/2&#8243; css=&#8221;.vc_custom_1489738741099{padding-top: 0px !important;}&#8221;][vc_empty_space height=&#8221;150&#8243; el_class=&#8221;vc_hidden-xs&#8221;][vc_row_inner css=&#8221;.vc_custom_1489738748042{border-right-width: 1px !important;padding-right: 8% !important;padding-left: 8% !important;border-right-color: #e9e9f2 !important;border-right-style: solid !important;}&#8221; el_class=&#8221;border-reset-xs&#8221;][vc_column_inner [&hellip;]<\/p>\n","protected":false},"author":1,"featured_media":0,"parent":0,"menu_order":0,"comment_status":"closed","ping_status":"closed","template":"page-templates\/page_without-sidebar.php","meta":[],"_links":{"self":[{"href":"http:\/\/www.eventuum.net\/index.php\/wp-json\/wp\/v2\/pages\/5960"}],"collection":[{"href":"http:\/\/www.eventuum.net\/index.php\/wp-json\/wp\/v2\/pages"}],"about":[{"href":"http:\/\/www.eventuum.net\/index.php\/wp-json\/wp\/v2\/types\/page"}],"author":[{"embeddable":true,"href":"http:\/\/www.eventuum.net\/index.php\/wp-json\/wp\/v2\/users\/1"}],"replies":[{"embeddable":true,"href":"http:\/\/www.eventuum.net\/index.php\/wp-json\/wp\/v2\/comments?post=5960"}],"version-history":[{"count":17,"href":"http:\/\/www.eventuum.net\/index.php\/wp-json\/wp\/v2\/pages\/5960\/revisions"}],"predecessor-version":[{"id":5985,"href":"http:\/\/www.eventuum.net\/index.php\/wp-json\/wp\/v2\/pages\/5960\/revisions\/5985"}],"wp:attachment":[{"href":"http:\/\/www.eventuum.net\/index.php\/wp-json\/wp\/v2\/media?parent=5960"}],"curies":[{"name":"wp","href":"https:\/\/api.w.org\/{rel}","templated":true}]}}