{"id":5955,"date":"2021-12-29T22:11:30","date_gmt":"2021-12-29T22:11:30","guid":{"rendered":"http:\/\/www.eventuum.net\/?page_id=5955"},"modified":"2022-01-03T07:39:08","modified_gmt":"2022-01-03T07:39:08","slug":"iletisim","status":"publish","type":"page","link":"http:\/\/www.eventuum.net\/index.php\/iletisim\/","title":{"rendered":"\u0130leti\u015fim"},"content":{"rendered":"[vc_row][vc_column][vc_empty_space height=&#8221;150&#8243;][\/vc_column][\/vc_row][vc_row][vc_column][vc_column_text css=&#8221;.vc_custom_1641195539518{padding-left: 175px !important;}&#8221;]<strong>Tel. : +90 212 258 48 48 (pbx)<\/strong><br \/>\n<strong>Faks : +90 212 258 48 50<\/strong><br \/>\n<strong>Adres : Y\u0131ld\u0131z Mah. Eski Konak sok. No:12 D:5 Be\u015fikta\u015f, \u0130stanbul<\/strong><\/p>\n<p><strong>E-Posta \u0130leti\u015fim \u00a0 \u00a0 \u00a0\u00a0<a href=\"mailto:info@eventuum.net\">\u00a0info@eventuum.net<\/a><\/strong>[\/vc_column_text][\/vc_column][\/vc_row][vc_row][vc_column][vc_empty_space height=&#8221;150&#8243;][\/vc_column][\/vc_row]\n","protected":false},"excerpt":{"rendered":"<p>[vc_row][vc_column][vc_empty_space height=&#8221;150&#8243;][\/vc_column][\/vc_row][vc_row][vc_column][vc_column_text css=&#8221;.vc_custom_1641195539518{padding-left: 175px !important;}&#8221;]Tel. : +90 212 258 48 48 (pbx) Faks : +90 212 258 48 50 Adres : Y\u0131ld\u0131z Mah. Eski Konak sok. No:12 D:5 Be\u015fikta\u015f, \u0130stanbul E-Posta \u0130leti\u015fim \u00a0 \u00a0 \u00a0\u00a0\u00a0info@eventuum.net[\/vc_column_text][\/vc_column][\/vc_row][vc_row][vc_column][vc_empty_space height=&#8221;150&#8243;][\/vc_column][\/vc_row]<\/p>\n","protected":false},"author":1,"featured_media":0,"parent":0,"menu_order":0,"comment_status":"closed","ping_status":"closed","template":"page-templates\/page_without-sidebar.php","meta":[],"_links":{"self":[{"href":"http:\/\/www.eventuum.net\/index.php\/wp-json\/wp\/v2\/pages\/5955"}],"collection":[{"href":"http:\/\/www.eventuum.net\/index.php\/wp-json\/wp\/v2\/pages"}],"about":[{"href":"http:\/\/www.eventuum.net\/index.php\/wp-json\/wp\/v2\/types\/page"}],"author":[{"embeddable":true,"href":"http:\/\/www.eventuum.net\/index.php\/wp-json\/wp\/v2\/users\/1"}],"replies":[{"embeddable":true,"href":"http:\/\/www.eventuum.net\/index.php\/wp-json\/wp\/v2\/comments?post=5955"}],"version-history":[{"count":3,"href":"http:\/\/www.eventuum.net\/index.php\/wp-json\/wp\/v2\/pages\/5955\/revisions"}],"predecessor-version":[{"id":6017,"href":"http:\/\/www.eventuum.net\/index.php\/wp-json\/wp\/v2\/pages\/5955\/revisions\/6017"}],"wp:attachment":[{"href":"http:\/\/www.eventuum.net\/index.php\/wp-json\/wp\/v2\/media?parent=5955"}],"curies":[{"name":"wp","href":"https:\/\/api.w.org\/{rel}","templated":true}]}}